{"id":8392,"date":"2023-01-17T16:51:42","date_gmt":"2023-01-17T16:51:42","guid":{"rendered":"https:\/\/www.jardinehills.ro\/?page_id=8392"},"modified":"2023-01-20T20:23:45","modified_gmt":"2023-01-20T20:23:45","slug":"politica-de-rezervare","status":"publish","type":"page","link":"https:\/\/www.jardinehills.ro\/ro\/politica-de-rezervare\/","title":{"rendered":"Politica de rezervare"},"content":{"rendered":"\t\t<div data-elementor-type=\"wp-page\" data-elementor-id=\"8392\" class=\"elementor elementor-8392\" data-elementor-post-type=\"page\">\n\t\t\t\t\t\t<section class=\"elementor-section elementor-top-section elementor-element elementor-element-0d11a26 elementor-section-height-min-height elementor-section-content-middle elementor-section-boxed elementor-section-height-default elementor-section-items-middle\" data-id=\"0d11a26\" data-element_type=\"section\" data-settings=\"{&quot;background_background&quot;:&quot;classic&quot;,&quot;jet_parallax_layout_list&quot;:[]}\">\n\t\t\t\t\t\t\t<div class=\"elementor-background-overlay\"><\/div>\n\t\t\t\t\t\t\t<div class=\"elementor-container elementor-column-gap-no\">\n\t\t\t\t\t<div class=\"elementor-column elementor-col-100 elementor-top-column elementor-element elementor-element-cfb3b36\" data-id=\"cfb3b36\" data-element_type=\"column\">\n\t\t\t<div class=\"elementor-widget-wrap elementor-element-populated\">\n\t\t\t\t\t\t<div class=\"elementor-element elementor-element-22addfc elementor-widget elementor-widget-heading\" data-id=\"22addfc\" data-element_type=\"widget\" data-widget_type=\"heading.default\">\n\t\t\t\t<div class=\"elementor-widget-container\">\n\t\t\t\t\t<h1 class=\"elementor-heading-title elementor-size-default\">Politic\u0103 de Rezervare<\/h1>\t\t\t\t<\/div>\n\t\t\t\t<\/div>\n\t\t\t\t<div class=\"elementor-element elementor-element-5934456 elementor-widget-divider--view-line elementor-widget elementor-widget-divider\" data-id=\"5934456\" data-element_type=\"widget\" data-widget_type=\"divider.default\">\n\t\t\t\t<div class=\"elementor-widget-container\">\n\t\t\t\t\t\t\t<div class=\"elementor-divider\">\n\t\t\t<span class=\"elementor-divider-separator\">\n\t\t\t\t\t\t<\/span>\n\t\t<\/div>\n\t\t\t\t\t\t<\/div>\n\t\t\t\t<\/div>\n\t\t\t\t\t<\/div>\n\t\t<\/div>\n\t\t\t\t\t<\/div>\n\t\t<\/section>\n\t\t\t\t<section class=\"elementor-section elementor-top-section elementor-element elementor-element-42bbfb4 elementor-section-boxed elementor-section-height-default elementor-section-height-default\" data-id=\"42bbfb4\" data-element_type=\"section\" data-settings=\"{&quot;background_background&quot;:&quot;classic&quot;,&quot;jet_parallax_layout_list&quot;:[]}\">\n\t\t\t\t\t\t<div class=\"elementor-container elementor-column-gap-no\">\n\t\t\t\t\t<div class=\"elementor-column elementor-col-100 elementor-top-column elementor-element elementor-element-c0a7b87\" data-id=\"c0a7b87\" data-element_type=\"column\" data-settings=\"{&quot;background_background&quot;:&quot;classic&quot;}\">\n\t\t\t<div class=\"elementor-widget-wrap elementor-element-populated\">\n\t\t\t\t\t\t<section class=\"elementor-section elementor-inner-section elementor-element elementor-element-d2f586a elementor-section-boxed elementor-section-height-default elementor-section-height-default\" data-id=\"d2f586a\" data-element_type=\"section\" data-settings=\"{&quot;jet_parallax_layout_list&quot;:[]}\">\n\t\t\t\t\t\t<div class=\"elementor-container elementor-column-gap-no\">\n\t\t\t\t\t<div class=\"elementor-column elementor-col-100 elementor-inner-column elementor-element elementor-element-3f050c5\" data-id=\"3f050c5\" data-element_type=\"column\">\n\t\t\t<div class=\"elementor-widget-wrap elementor-element-populated\">\n\t\t\t\t\t\t<div class=\"elementor-element elementor-element-2b22e18 elementor-widget elementor-widget-heading\" data-id=\"2b22e18\" data-element_type=\"widget\" data-widget_type=\"heading.default\">\n\t\t\t\t<div class=\"elementor-widget-container\">\n\t\t\t\t\t<h4 class=\"elementor-heading-title elementor-size-default\">Dreptul de acces \u0219i utilizare a C\u0103su\u0163ei \u00eenchiriate<\/h4>\t\t\t\t<\/div>\n\t\t\t\t<\/div>\n\t\t\t\t<div class=\"elementor-element elementor-element-bc44cca elementor-widget elementor-widget-text-editor\" data-id=\"bc44cca\" data-element_type=\"widget\" data-widget_type=\"text-editor.default\">\n\t\t\t\t<div class=\"elementor-widget-container\">\n\t\t\t\t\t\t\t\t\t<p class=\"Normal1\"><span lang=\"RO\">Accesul Chiria\u0219ului la C\u0103su\u0163\u0103 \u0219i la Proprietate se acord\u0103 \u00eencep\u00e2nd cu ora 14:00 la Data Intr\u0103rii \u00een Vigoare \u0219i se \u00eencheie cel t\u00e2rziu la ora 12:00 la Data \u00cencet\u0103rii.<\/span><\/p><p class=\"Normal1\"><strong><span lang=\"RO\">Spa\u0163ii Comune<\/span><\/strong><\/p><p class=\"Normal1\"><span lang=\"RO\">Dreptul de acces \u0219i de utilizare a Spa\u0163iilor Comune ale Propriet\u0103\u021bii.<\/span><\/p><p class=\"Normal1\"><strong><span lang=\"RO\">Parcare<\/span><span lang=\"RO\">\u00a0<\/span><\/strong><\/p><p class=\"Normal1\"><span lang=\"RO\">Dreptul de acces \u0219i de utilizare a unui loc de parcare securizat pe Proprietate pentru fiecare C\u0103su\u0163\u0103 \u00eenchiriat\u0103.<\/span><\/p>\t\t\t\t\t\t\t\t<\/div>\n\t\t\t\t<\/div>\n\t\t\t\t<div class=\"elementor-element elementor-element-a8d014f elementor-widget elementor-widget-spacer\" data-id=\"a8d014f\" data-element_type=\"widget\" data-widget_type=\"spacer.default\">\n\t\t\t\t<div class=\"elementor-widget-container\">\n\t\t\t\t\t\t\t<div class=\"elementor-spacer\">\n\t\t\t<div class=\"elementor-spacer-inner\"><\/div>\n\t\t<\/div>\n\t\t\t\t\t\t<\/div>\n\t\t\t\t<\/div>\n\t\t\t\t<div class=\"elementor-element elementor-element-562e1b9 elementor-widget elementor-widget-heading\" data-id=\"562e1b9\" data-element_type=\"widget\" data-widget_type=\"heading.default\">\n\t\t\t\t<div class=\"elementor-widget-container\">\n\t\t\t\t\t<h4 class=\"elementor-heading-title elementor-size-default\">Politica de anulare<\/h4>\t\t\t\t<\/div>\n\t\t\t\t<\/div>\n\t\t\t\t<div class=\"elementor-element elementor-element-2644ee6 elementor-widget elementor-widget-text-editor\" data-id=\"2644ee6\" data-element_type=\"widget\" data-widget_type=\"text-editor.default\">\n\t\t\t\t<div class=\"elementor-widget-container\">\n\t\t\t\t\t\t\t\t\t<p class=\"Normal1\"><span lang=\"RO\">\u00cen cazul anul\u0103rii rezerv\u0103rii cu cel pu\u0163in o s\u0103pt\u0103m\u00e2n\u0103 \u00eenainte de sejur, v\u0103 vom restitui integral taxa de rezervare (except\u00e2nd taxa de procesare de aproximativ 5 EUR perceput\u0103 de PayPal).<\/span><\/p><p class=\"Normal1\"><span lang=\"RO\">\u00cen cazul anul\u0103rii rezerv\u0103rii cu cel pu\u0163in 2 zile \u00eenainte de sejur, v\u0103 vom restitui 50% din taxa de rezervare.<\/span><\/p><p class=\"Normal1\"><span lang=\"RO\">\u00cen cazul anul\u0103rii rezerv\u0103rii cu mai pu\u021bin de 48 de ore \u00eenainte de sejur, nu v\u0103 vom restitui nicio parte din taxa de rezervare.<\/span><\/p>\t\t\t\t\t\t\t\t<\/div>\n\t\t\t\t<\/div>\n\t\t\t\t<div class=\"elementor-element elementor-element-29ee544 elementor-widget elementor-widget-spacer\" data-id=\"29ee544\" data-element_type=\"widget\" data-widget_type=\"spacer.default\">\n\t\t\t\t<div class=\"elementor-widget-container\">\n\t\t\t\t\t\t\t<div class=\"elementor-spacer\">\n\t\t\t<div class=\"elementor-spacer-inner\"><\/div>\n\t\t<\/div>\n\t\t\t\t\t\t<\/div>\n\t\t\t\t<\/div>\n\t\t\t\t<div class=\"elementor-element elementor-element-d57ac8d elementor-widget elementor-widget-heading\" data-id=\"d57ac8d\" data-element_type=\"widget\" data-widget_type=\"heading.default\">\n\t\t\t\t<div class=\"elementor-widget-container\">\n\t\t\t\t\t<h4 class=\"elementor-heading-title elementor-size-default\">Obliga\u0163iile Chiria\u015fului<\/h4>\t\t\t\t<\/div>\n\t\t\t\t<\/div>\n\t\t\t\t<div class=\"elementor-element elementor-element-3dac716 elementor-widget elementor-widget-text-editor\" data-id=\"3dac716\" data-element_type=\"widget\" data-widget_type=\"text-editor.default\">\n\t\t\t\t<div class=\"elementor-widget-container\">\n\t\t\t\t\t\t\t\t\t<p><strong>Utilizare exclusiv \u00een scopuri reziden\u0163iale<\/strong><\/p><p>Chiria\u0219ul va utiliza Proprietatea exclusiv \u00een scopuri reziden\u021biale.<\/p><p><strong>Regim self-catering<\/strong><\/p><p>Chiria\u0219ul \u00een\u0163elege c\u0103 acest contract de \u00eenchiriere are ca obiect \u00eenchirierea unei unit\u0103\u0163i locative \u00een regim self-catering \u0219i nu a unei camere de hotel.<\/p><p>Pentru evitarea oric\u0103rui dubiu, aceasta \u00eenseamn\u0103 c\u0103 proprietarul nu va asigura mesele Chiria\u0219ului pe Durata \u00cenchirierii.<\/p><p>La \u00eenceperea Duratei \u00cenchirierii, Proprietarul va pune la dispozi\u021bia Chiria\u0219ului utilizarea C\u0103su\u0163ei, care include:<\/p><ul><li>o buc\u0103t\u0103rie complet utilat\u0103 cu aparatura \u0219i ustensilele necesare Chiria\u015fului pentru a-\u015fi preg\u0103ti singur mesele;<\/li><li>dormitoare cu lenjerie \u0219i perne curate;<\/li><li>b\u0103i cu prosoape, s\u0103pun \u0219i h\u00e2rtie igienic\u0103 \u0219i<\/li><li>\u00a0un \u201eco\u0219 de bun venit\u201d gratuit, cu chipsuri \u0219i gust\u0103ri, care este oferit f\u0103r\u0103 niciun cost suplimentar \u00een fiecare c\u0103su\u0163\u0103 la \u00eenceputul Duratei \u00cenchirierii.<\/li><\/ul><p>NU oferim facilit\u0103\u021bi de restaurant \u00een cadrul complexului. Cu excep\u0163ia micului dejun, care este inclus \u00een taxa de rezervare, Chiria\u0219ul are obliga\u0163ia s\u0103 \u00ee\u0219i asigure singur mesele pe durata \u015federii la Jardine Hills.<\/p><p>Nu asigur\u0103m cur\u0103\u021benia \u00een c\u0103su\u0163e \u0219i nu schimb\u0103m lenjeria de pat pe Durata \u00cenchirierii. Dac\u0103, \u00een orice moment pe Durata \u00cenchirierii, Chiria\u0219ul dore\u0219te lenjerie de pat sau prosoape curate, acestea pot fi schimbate \u0219i furnizate de c\u0103tre Proprietar, contra unui cost suplimentar de 15 EUR per C\u0103su\u0163\u0103 pentru fiecare schimbare.<\/p><p><strong>Utilizare lini\u015ftit\u0103<\/strong><\/p><p>Chiria\u015ful va men\u021bine nivelul de zgomot (inclusiv muzica) la un nivel rezonabil \u0219i nu va perturba lini\u0219tea celorlal\u021bi Chiria\u0219i sau a vecinilor Propriet\u0103\u021bii. Nu este permis accesul la piscine, jacuzzi, gr\u0103tar sau la zonele de joac\u0103 \u00eentre orele 12:00 \u0219i 8:00.<\/p><p><strong>Spa\u0163iile interioare.<\/strong><\/p><p>Chiria\u0219ul va utiliza cu grij\u0103 rezonabil\u0103 mobilierul, echipamentul tehnic, sistemele de \u00eenc\u0103lzire \u0219i r\u0103cire, televizoarele, aparatele etc. din interiorul C\u0103su\u0163ei. Chiria\u015ful este pe deplin r\u0103spunz\u0103tor \u0219i \u00eel va desp\u0103gubi imediat pe Proprietar pentru orice daune, pierderi sau furturi ale obiectelor din interior pe Durata \u00cenchirierii.<\/p><p><strong>Spa\u0163iile exterioare<\/strong><\/p><p>Chiria\u0219ul va proteja cu grij\u0103 rezonabil\u0103 toate fa\u021badele exterioare, ferestrele, finisajele c\u0103\u015fu\u0163elor \u0219i Spa\u0163iilor Comune.<\/p><p><strong>Piscine \u0219i Jacuzzi<\/strong><\/p><p>Chiria\u015ful va utiliza cu grij\u0103 rezonabil\u0103 piscinele \u0219i jacuzzi-ul. Este strict interzis\u0103 utilizarea de obiecte, sticle sau vase care se pot sparge \u00een zona piscinelor \u0219i a jacuzzi-ului. Proprietarul nu va fi r\u0103spunz\u0103tor \u00een caz de accidente sau v\u0103t\u0103m\u0103ri suferite de Chiria\u015f sau de oaspe\u021bii s\u0103i \u00een timpul utiliz\u0103rii Spa\u0163iilor Comune, inclusiv (dar f\u0103r\u0103 a se limita la) a piscinelor, jacuzzi-ului, zonei de joac\u0103 \u0219i zonei de gr\u0103tar. Chiria\u0219ul este pe deplin r\u0103spunz\u0103tor \u0219i va rambursa imediat Proprietarului orice daune, pierderi sau furturi de obiecte sau mobilier din Spa\u021biile Comune pe Durata \u00cenchirierii, precum \u015fi orice cheltuieli suportate pentru cur\u0103\u021barea, golirea sau repara\u0163ia zonelor cu piscine sau a jacuzzi-ului, ca urmare a utiliz\u0103rii de c\u0103tre Chiria\u0219 a obiectelor de sticl\u0103 sau a vaselor casabile \u00een aceste zone, cu \u00eenc\u0103lcare acestui Contract de \u00cenchiriere.<\/p><p><strong>Num\u0103rul maxim de persoane permis \u00een C\u0103su\u0163\u0103<\/strong><\/p><p>Chiria\u015ful va comunica \u00een scris Proprietarului numele persoanelor care vor ocupa C\u0103su\u0163a pe Durata \u00cenchirierii, \u00een baza Contractului de \u00cenchiriere.<\/p><p>O c\u0103su\u0163\u0103 poate fi ocupat\u0103 maximum de o singur\u0103 familie. O familie \u00eenseamn\u0103 doi adul\u021bi \u0219i doi copii. O familie cu mai mult de doi copii poate ocupa o c\u0103su\u0163\u0103, cu condi\u021bia ca cel mult doi dintre copii s\u0103 aib\u0103 v\u00e2rsta de peste de 13 (treisprezece) ani.<\/p><p>Alternativ, o c\u0103su\u0163\u0103 poate fi ocupat\u0103 de cel mult dou\u0103 cupluri (sau patru adul\u021bi ne\u00eenrudi\u0163i).<\/p><p>V\u0103 rug\u0103m s\u0103 re\u021bine\u021bi c\u0103 aceste restric\u0163ii sunt impuse Proprietarului de c\u0103tre Ministerul Turismului din Rom\u00e2nia \u0219i orice \u00eenc\u0103lcare a acestor restric\u0163ii referitoare la ocupare poate atrage evacuarea imediat\u0103 a Chiria\u015fului, f\u0103r\u0103 restituirea pl\u0103\u0163ii.<\/p><p>Oaspe\u0163ii Chiria\u015fului pot vizita Proprietatea \u015fi pot avea acces la C\u0103su\u0163e \u0219i la Spa\u0163iile Comune doar cu acordul prealabil al Proprietarului \u0219i cu condi\u021bia s\u0103 respecte toate obliga\u021biile Chiria\u015fului \u00een baza acestui Contract de \u00cenchiriere; niciun oaspete nu poate petrece noaptea \u00een C\u0103su\u0163\u0103.<\/p><p>Chiria\u015ful r\u0103m\u00e2ne pe deplin r\u0103spunz\u0103tor \u0219i va rambursa imediat Proprietarului orice daune, pierderi sau furturi cauzate Propriet\u0103\u021bii de c\u0103tre oaspe\u021bii s\u0103i.<\/p><p>\u00cenc\u0103lcarea acestor limit\u0103ri poate atrage evacuarea imediat\u0103 a Chiria\u0219ului, f\u0103r\u0103 restituirea pl\u0103\u0163ii.<\/p><p><strong>Accesul Proprietarului la Spa\u0163iu<\/strong><\/p><p>Chiria\u015ful \u00eei va permite Proprietarului (\u0219i persoanelor autorizate de acesta), la ore rezonabile \u0219i cu notificare prealabil\u0103, s\u0103 intre \u00een Spa\u021biu \u00een scopul (1) \u00eentre\u021binerii, cur\u0103\u0163eniei, decor\u0103rii, modific\u0103rii, \u00eenlocuirii \u0219i repar\u0103rii oric\u0103rei p\u0103r\u021bi a Propriet\u0103\u021bii, (2) inspect\u0103rii Propriet\u0103\u021bii, (3) asigur\u0103rii respect\u0103rii oric\u0103rei legi, (4) respect\u0103rii acestui Contract de \u00cenchiriere sau (5) furniz\u0103rii oric\u0103ror servicii. \u00cen baza unei notific\u0103ri rezonabile sau \u00een caz de urgen\u021b\u0103, Proprietarul poate avea acces imediat la Proprietate.<\/p><p><strong>Conformitate<\/strong><\/p><p>Chiria\u015ful va respecta cu promptitudine \u0219i diligen\u021b\u0103 (1) legea aplicabil\u0103, (2) regulile stabilite de Proprietar \u00een orice moment cu privire la administrarea sau utilizarea Propriet\u0103\u021bii, (3) recomand\u0103rile \u0219i manualele de \u00eentre\u021binere referitoare la Proprietate \u0219i la orice aparat sau echipament aflat la Proprietate, (4) orice cerin\u021be sau recomand\u0103ri ale oric\u0103rui asigur\u0103tor \u0219i (5) orice cerin\u021be sau recomand\u0103ri ale oric\u0103ror servicii de pompieri sau ale altor autorit\u0103\u021bi similare referitoare la acces, echipament sau aparatur\u0103. Chiria\u015ful va respecta cerin\u021bele Proprietarului privind zgomotul, fumul, temperatura \u0219i alte aspecte pentru a asigura c\u0103 ceilal\u021bi chiria\u0219i ai Propriet\u0103\u021bii nu sunt deranja\u021bi.<\/p><p><strong>Activit\u0103\u0163i<\/strong><\/p><p>Chiria\u015ful nu va \u00eentreprinde niciun demers \u0219i nu va aduce la Proprietate sau la C\u0103su\u0163\u0103 materiale care cauzeaz\u0103 sau ar putea cauza (1) deranjamente, nepl\u0103ceri, v\u0103t\u0103m\u0103ri sau daune Proprietarului sau oric\u0103rui alt chiria\u0219 sau ocupant al Propriet\u0103\u021bii, (2) zgomote sau vibra\u021bii ce pot fi auzite sau resim\u021bite \u00een orice alte spa\u021bii de pe Proprietate sau din afara Propriet\u0103\u021bii sau (3) utilizarea de substan\u021be nocive sau d\u0103un\u0103toare care ar putea deteriora sau obstruc\u021biona orice parte a Propriet\u0103\u021bii sau care ar putea polua aerul sau apa. Chiria\u015ful nu va organiza petreceri sau adun\u0103ri mari sau zgomotoase la Proprietate \u0219i se oblig\u0103 fa\u021b\u0103 de Proprietar s\u0103 ia toate m\u0103surile de pruden\u021b\u0103 \u0219i s\u0103 exercite \u00eentreaga diligen\u0163\u0103 rezonabil\u0103 pentru a elimina riscul de incendiu, explozie sau alte daune care pot surveni ca urmare a utiliz\u0103rii Propriet\u0103\u021bii.<\/p><p>Chiria\u015ful \u00eel va desp\u0103gubi pe Proprietar, la cerere, pentru toate pierderile \u0219i costurile suportate pentru a asigura (sau a \u00eencerca s\u0103 asigure) respectarea de c\u0103tre Chiria\u0219 a prevederilor acestui Contract de \u00cenchiriere, inclusiv orice costuri directe sau indirecte suportate de Proprietar \u00een leg\u0103tur\u0103 cu rezilierea Contractului de \u00cenchiriere (\u0219i orice procedur\u0103 \u00een justi\u0163ie).<\/p><p><strong>Restituirea Spa\u0163iului<\/strong><\/p><p>La expirarea Duratei \u00cenchirierii sau la rezilierea \u00eenainte de termen a acestui Contract de \u00cenchiriere, Chiria\u015ful va restitui Proprietatea c\u0103tre Proprietar (1) \u00een aceea\u015fi stare \u00een care aceasta se afla la Data Intr\u0103rii \u00een Vigoare (cu excep\u021bia uzurii normale) \u0219i \u00een conformitate cu obliga\u021biile Chiria\u015fului \u00een baza acestui Contract de \u00cenchiriere, (2) cur\u0103\u021bat\u0103 \u0219i liber\u0103 de orice echipamente, obiecte personale \u0219i de\u0219euri \u0219i (3) \u00eempreun\u0103 cu toate cheile \u0219i orice echipamente \u0219i alte obiecte care apar\u0163in Proprietarului sau sunt ata\u0219ate Propriet\u0103\u0163ii.<\/p>\t\t\t\t\t\t\t\t<\/div>\n\t\t\t\t<\/div>\n\t\t\t\t<div class=\"elementor-element elementor-element-e03dabe elementor-widget elementor-widget-spacer\" data-id=\"e03dabe\" data-element_type=\"widget\" data-widget_type=\"spacer.default\">\n\t\t\t\t<div class=\"elementor-widget-container\">\n\t\t\t\t\t\t\t<div class=\"elementor-spacer\">\n\t\t\t<div class=\"elementor-spacer-inner\"><\/div>\n\t\t<\/div>\n\t\t\t\t\t\t<\/div>\n\t\t\t\t<\/div>\n\t\t\t\t<div class=\"elementor-element elementor-element-886968a elementor-widget elementor-widget-heading\" data-id=\"886968a\" data-element_type=\"widget\" data-widget_type=\"heading.default\">\n\t\t\t\t<div class=\"elementor-widget-container\">\n\t\t\t\t\t<h4 class=\"elementor-heading-title elementor-size-default\">Drepturile Proprietarului<\/h4>\t\t\t\t<\/div>\n\t\t\t\t<\/div>\n\t\t\t\t<div class=\"elementor-element elementor-element-8d25a67 elementor-widget elementor-widget-text-editor\" data-id=\"8d25a67\" data-element_type=\"widget\" data-widget_type=\"text-editor.default\">\n\t\t\t\t<div class=\"elementor-widget-container\">\n\t\t\t\t\t\t\t\t\t<p class=\"Normal1\"><span lang=\"RO\">Proprietarul \u00ee\u015fi va men\u0163ine toate drepturile legale de proprietate asupra Propriet\u0103\u021bii.<\/span><\/p><p class=\"Normal1\"><span lang=\"RO\">Proprietarul poate rezilia acest Contract de \u00cenchiriere cu efect imediat \u0219i poate evacua Chiria\u0219ul sau oricare dintre oaspe\u021bii s\u0103i \u00een cazul \u00een care ace\u015ftia nu respect\u0103 Obliga\u021biile Chiria\u0219ului.<\/span><\/p><p class=\"Normal1\"><span lang=\"RO\">Proprietarul poate interzice accesul la Spa\u021biu sau poate evacua de pe Proprietate orice Chiria\u0219 sau oaspe\u021bi ai Chiria\u0219ului care, dup\u0103 cum Proprietarul stabile\u015fte \u00een mod discre\u0163ionar, sunt turbulen\u021bi, perturbatori sau nu respect\u0103 prevederile acestui Contract de \u00cenchiriere.<\/span><\/p><p class=\"Normal1\"><span lang=\"RO\">Proprietarul poate intra pe Proprietate (sau poate dispune persoanelor autorizate de Proprietar), la ore rezonabile \u0219i cu notificare prealabil\u0103, \u00een scopul (1) \u00eentre\u021binerii, cur\u0103\u0163eniei, decor\u0103rii, modific\u0103rii, \u00eenlocuirii \u0219i repar\u0103rii oric\u0103rei p\u0103r\u021bi a Propriet\u0103\u021bii, (2) inspect\u0103rii Propriet\u0103\u021bii, (3) respect\u0103rii oric\u0103rei legi, (4) respect\u0103rii acestui Contract de \u00cenchiriere sau (5) furniz\u0103rii oric\u0103ror servicii. \u00cen caz de urgen\u021b\u0103, Proprietarul poate intra imediat pe Proprietate f\u0103r\u0103 notificarea Chiria\u0219ului.<\/span><\/p>\t\t\t\t\t\t\t\t<\/div>\n\t\t\t\t<\/div>\n\t\t\t\t<div class=\"elementor-element elementor-element-10277e5 elementor-widget elementor-widget-spacer\" data-id=\"10277e5\" data-element_type=\"widget\" data-widget_type=\"spacer.default\">\n\t\t\t\t<div class=\"elementor-widget-container\">\n\t\t\t\t\t\t\t<div class=\"elementor-spacer\">\n\t\t\t<div class=\"elementor-spacer-inner\"><\/div>\n\t\t<\/div>\n\t\t\t\t\t\t<\/div>\n\t\t\t\t<\/div>\n\t\t\t\t<div class=\"elementor-element elementor-element-328c204 elementor-widget elementor-widget-heading\" data-id=\"328c204\" data-element_type=\"widget\" data-widget_type=\"heading.default\">\n\t\t\t\t<div class=\"elementor-widget-container\">\n\t\t\t\t\t<h4 class=\"elementor-heading-title elementor-size-default\">Obliga\u0163iile Proprietarului<\/h4>\t\t\t\t<\/div>\n\t\t\t\t<\/div>\n\t\t\t\t<div class=\"elementor-element elementor-element-65c8093 elementor-widget elementor-widget-text-editor\" data-id=\"65c8093\" data-element_type=\"widget\" data-widget_type=\"text-editor.default\">\n\t\t\t\t<div class=\"elementor-widget-container\">\n\t\t\t\t\t\t\t\t\t<p class=\"Normal1\"><strong><span lang=\"RO\">Garan\u021bii privind Proprietatea<\/span><\/strong><\/p><p class=\"Normal1\"><span lang=\"RO\">Proprietarul garanteaz\u0103 c\u0103, la data acestui Contract de \u00cenchiriere, este singurul proprietar al Propriet\u0103\u0163ii \u0219i are puterea \u0219i autoritatea de a \u00eencheia acest Contract de \u00cenchiriere. De asemenea, Proprietarul garanteaz\u0103 accesul liber \u0219i ne\u00eengr\u0103dit al Chiria\u0219ului la Proprietate.<\/span><\/p><p class=\"Normal1\"><strong><span lang=\"RO\">Folosin\u0163\u0103 netulburat\u0103<\/span><\/strong><\/p><p class=\"Normal1\"><span lang=\"RO\">\u00cen condi\u0163iile \u00een care Chiria\u015ful \u00ee\u0219i respect\u0103 obliga\u021biile care \u00eei revin \u00een baza acestui Contract de \u00cenchiriere, Proprietarul nu va \u00eentrerupe folosin\u0163a netulburat\u0103 a Spa\u0163iului de c\u0103tre Chiria\u015f (cu excep\u021bia situa\u0163iilor permise \u00een baza acestui Contract de \u00cenchiriere).<\/span><\/p>\t\t\t\t\t\t\t\t<\/div>\n\t\t\t\t<\/div>\n\t\t\t\t<div class=\"elementor-element elementor-element-cb31b5f elementor-widget elementor-widget-spacer\" data-id=\"cb31b5f\" data-element_type=\"widget\" data-widget_type=\"spacer.default\">\n\t\t\t\t<div class=\"elementor-widget-container\">\n\t\t\t\t\t\t\t<div class=\"elementor-spacer\">\n\t\t\t<div class=\"elementor-spacer-inner\"><\/div>\n\t\t<\/div>\n\t\t\t\t\t\t<\/div>\n\t\t\t\t<\/div>\n\t\t\t\t\t<\/div>\n\t\t<\/div>\n\t\t\t\t\t<\/div>\n\t\t<\/section>\n\t\t\t\t\t<\/div>\n\t\t<\/div>\n\t\t\t\t\t<\/div>\n\t\t<\/section>\n\t\t\t\t<\/div>\n\t\t","protected":false},"excerpt":{"rendered":"<p>Politic\u0103 de Rezervare Dreptul de acces \u0219i utilizare a C\u0103su\u0163ei \u00eenchiriate Accesul Chiria\u0219ului la C\u0103su\u0163\u0103 \u0219i la Proprietate se acord\u0103 \u00eencep\u00e2nd cu ora 14:00 la Data Intr\u0103rii \u00een Vigoare \u0219i se \u00eencheie cel t\u00e2rziu la ora 12:00 la Data \u00cencet\u0103rii. Spa\u0163ii Comune Dreptul de acces \u0219i de utilizare a Spa\u0163iilor Comune ale Propriet\u0103\u021bii. Parcare&nbsp; Dreptul [&hellip;]<\/p>\n","protected":false},"author":1,"featured_media":0,"parent":0,"menu_order":0,"comment_status":"closed","ping_status":"closed","template":"elementor_header_footer","meta":{"inline_featured_image":false,"footnotes":""},"class_list":["post-8392","page","type-page","status-publish","hentry"],"_links":{"self":[{"href":"https:\/\/www.jardinehills.ro\/ro\/wp-json\/wp\/v2\/pages\/8392","targetHints":{"allow":["GET"]}}],"collection":[{"href":"https:\/\/www.jardinehills.ro\/ro\/wp-json\/wp\/v2\/pages"}],"about":[{"href":"https:\/\/www.jardinehills.ro\/ro\/wp-json\/wp\/v2\/types\/page"}],"author":[{"embeddable":true,"href":"https:\/\/www.jardinehills.ro\/ro\/wp-json\/wp\/v2\/users\/1"}],"replies":[{"embeddable":true,"href":"https:\/\/www.jardinehills.ro\/ro\/wp-json\/wp\/v2\/comments?post=8392"}],"version-history":[{"count":0,"href":"https:\/\/www.jardinehills.ro\/ro\/wp-json\/wp\/v2\/pages\/8392\/revisions"}],"wp:attachment":[{"href":"https:\/\/www.jardinehills.ro\/ro\/wp-json\/wp\/v2\/media?parent=8392"}],"curies":[{"name":"wp","href":"https:\/\/api.w.org\/{rel}","templated":true}]}}